{"id":225309,"date":"2021-09-27T15:53:58","date_gmt":"2021-09-27T20:53:58","guid":{"rendered":"https:\/\/dev.deschenesregnier.com\/ccs22029\/?page_id=225309"},"modified":"2022-03-18T11:48:24","modified_gmt":"2022-03-18T16:48:24","slug":"learn-french","status":"publish","type":"page","link":"https:\/\/emploissantejobs.ca\/en\/learn-french\/","title":{"rendered":"Is My French Good Enough?"},"content":{"rendered":"<p>[et_pb_section fb_built=&#8221;1&#8243; custom_padding_last_edited=&#8221;on|phone&#8221; _builder_version=&#8221;4.11.4&#8243; _module_preset=&#8221;default&#8221; background_color=&#8221;RGBA(0,0,0,0)&#8221; background_enable_image=&#8221;off&#8221; background_position=&#8221;top_center&#8221; custom_margin=&#8221;0px||||false|false&#8221; custom_margin_tablet=&#8221;0px||||false|false&#8221; custom_margin_phone=&#8221;&#8221; custom_margin_last_edited=&#8221;on|phone&#8221; custom_padding=&#8221;0px||0px||false|false&#8221; custom_padding_tablet=&#8221;0px||0px||false|false&#8221; custom_padding_phone=&#8221;&#8221; bottom_divider_height_tablet=&#8221;85px&#8221; bottom_divider_height_phone=&#8221;50px&#8221; bottom_divider_height_last_edited=&#8221;on|phone&#8221; background_color_tablet=&#8221;RGBA(0,0,0,0)&#8221; background_color_phone=&#8221;RGBA(0,0,0,0)&#8221; background_last_edited=&#8221;on|desktop&#8221; background_enable_color_tablet=&#8221;on&#8221; background_enable_color_phone=&#8221;on&#8221; background_enable_image_tablet=&#8221;off&#8221; background_enable_image_phone=&#8221;off&#8221; background_size_tablet=&#8221;cover&#8221; background_size_phone=&#8221;cover&#8221; background_position_tablet=&#8221;top_center&#8221; locked=&#8221;off&#8221; global_colors_info=&#8221;{}&#8221;][et_pb_row _builder_version=&#8221;4.11.4&#8243; _module_preset=&#8221;default&#8221; background_color=&#8221;RGBA(0,0,0,0)&#8221; width=&#8221;100%&#8221; custom_margin=&#8221;0px||||false|false&#8221; custom_padding=&#8221;0px||||false|false&#8221; global_colors_info=&#8221;{}&#8221;][et_pb_column type=&#8221;4_4&#8243; _builder_version=&#8221;4.10.7&#8243; _module_preset=&#8221;default&#8221; global_colors_info=&#8221;{}&#8221;][et_pb_text admin_label=&#8221;Text&#8221; _builder_version=&#8221;4.14.2&#8243; background_size=&#8221;initial&#8221; background_position=&#8221;top_left&#8221; background_repeat=&#8221;repeat&#8221; custom_margin=&#8221;0px||||false|false&#8221; custom_padding=&#8221;0px||||false|false&#8221; locked=&#8221;off&#8221; global_colors_info=&#8221;{}&#8221;]<\/p>\n<h3>Different levels required<\/h3>\n<p>Would you like to find a bilingual position in the health care field, but you wonder if your French is good enough?<\/p>\n<p>If the answer is yes, don\u2019t worry, nobody expects perfect French! Moreover, different levels of French (beginner, intermediate) are required depending on the position you will occupy. For example, a position that requires discussions with patients could require a higher level of French than what is required for certain administrative positions.<\/p>\n<p>Relax, your French is probably okay! Employers will discuss this with you\u2026 It\u2019s part of getting to know you!<\/p>\n<h3>Training offered<\/h3>\n<p>There is a significant shortage of bilingual health care workers in Manitoba. At the same time, it is essential that the personnel at health care establishments, regional health offices and bilingual social service agencies offer French language services to their clientele. Therefore, every effort will be made to encourage you to speak in French.<\/p>\n<p>You will be offered various training courses if you want to improve your level of French as you go.<\/p>\n<h3>Where to learn<\/h3>\n<p>Through Universit\u00e9 de Saint-Boniface, Sant\u00e9 en fran\u00e7ais offers language training at minimal cost. Several options exist depending on your language learning needs!<\/p>\n<p>[\/et_pb_text][et_pb_blurb use_icon=&#8221;on&#8221; font_icon=&#8221;&#xe03e;||divi||400&#8243; icon_color=&#8221;#004175&#8243; icon_placement=&#8221;left&#8221; image_icon_width=&#8221;32px&#8221; content_max_width=&#8221;1080px&#8221; _builder_version=&#8221;4.14.2&#8243; _module_preset=&#8221;default&#8221; body_font_size=&#8221;18px&#8221; custom_margin=&#8221;|||0px|false|false&#8221; custom_margin_tablet=&#8221;|||0px|false|false&#8221; custom_margin_phone=&#8221;|||0px|false|false&#8221; custom_margin_last_edited=&#8221;on|desktop&#8221; custom_padding=&#8221;7px||||false|false&#8221; icon_font_size=&#8221;32px&#8221; locked=&#8221;off&#8221; global_colors_info=&#8221;{}&#8221;]<\/p>\n<h4><a style=\"font-size: 18px;\" href=\"https:\/\/santeenfrancais.com\/en\/support-services\/\/\" target=\"_blank\" rel=\"noopener\">Find out more<\/a><\/h4>\n<p>[\/et_pb_blurb][et_pb_text admin_label=&#8221;Text&#8221; _builder_version=&#8221;4.14.2&#8243; background_size=&#8221;initial&#8221; background_position=&#8221;top_left&#8221; background_repeat=&#8221;repeat&#8221; locked=&#8221;off&#8221; global_colors_info=&#8221;{}&#8221;]<\/p>\n<p>Several other organizations, for example the Alliance Fran\u00e7aise, also offer advanced training in French.<\/p>\n<p>[\/et_pb_text][\/et_pb_column][\/et_pb_row][\/et_pb_section]<\/p>\n","protected":false},"excerpt":{"rendered":"<p>Different levels required Would you like to find a bilingual position in the health care field, but you wonder if your French is good enough? If the answer is yes, don\u2019t worry, nobody expects perfect French! Moreover, different levels of French (beginner, intermediate) are required depending on the position you will occupy. For example, a [&hellip;]<\/p>\n","protected":false},"author":47,"featured_media":0,"parent":0,"menu_order":0,"comment_status":"closed","ping_status":"closed","template":"","meta":{"_et_pb_use_builder":"on","_et_pb_old_content":"","_et_gb_content_width":"","_monsterinsights_skip_tracking":false,"_monsterinsights_sitenote_active":false,"_monsterinsights_sitenote_note":"","_monsterinsights_sitenote_category":0,"footnotes":""},"class_list":["post-225309","page","type-page","status-publish","hentry"],"_links":{"self":[{"href":"https:\/\/emploissantejobs.ca\/en\/wp-json\/wp\/v2\/pages\/225309","targetHints":{"allow":["GET"]}}],"collection":[{"href":"https:\/\/emploissantejobs.ca\/en\/wp-json\/wp\/v2\/pages"}],"about":[{"href":"https:\/\/emploissantejobs.ca\/en\/wp-json\/wp\/v2\/types\/page"}],"author":[{"embeddable":true,"href":"https:\/\/emploissantejobs.ca\/en\/wp-json\/wp\/v2\/users\/47"}],"replies":[{"embeddable":true,"href":"https:\/\/emploissantejobs.ca\/en\/wp-json\/wp\/v2\/comments?post=225309"}],"version-history":[{"count":14,"href":"https:\/\/emploissantejobs.ca\/en\/wp-json\/wp\/v2\/pages\/225309\/revisions"}],"predecessor-version":[{"id":226768,"href":"https:\/\/emploissantejobs.ca\/en\/wp-json\/wp\/v2\/pages\/225309\/revisions\/226768"}],"wp:attachment":[{"href":"https:\/\/emploissantejobs.ca\/en\/wp-json\/wp\/v2\/media?parent=225309"}],"curies":[{"name":"wp","href":"https:\/\/api.w.org\/{rel}","templated":true}]}}