{"id":225133,"date":"2021-09-16T10:59:08","date_gmt":"2021-09-16T15:59:08","guid":{"rendered":"https:\/\/dev.deschenesregnier.com\/ccs22029\/?page_id=225133"},"modified":"2021-12-20T10:40:47","modified_gmt":"2021-12-20T16:40:47","slug":"recruitment-partner","status":"publish","type":"page","link":"https:\/\/emploissantejobs.ca\/en\/recruitment-partner\/","title":{"rendered":"Supporting Resource"},"content":{"rendered":"<p>[et_pb_section fb_built=&#8221;1&#8243; admin_label=&#8221;section&#8221; _builder_version=&#8221;4.11.4&#8243; background_color=&#8221;RGBA(0,0,0,0)&#8221; custom_margin=&#8221;0px||||false|false&#8221; custom_padding=&#8221;0px||||false|false&#8221; locked=&#8221;off&#8221; global_colors_info=&#8221;{}&#8221; theme_builder_area=&#8221;post_content&#8221;][et_pb_row admin_label=&#8221;row&#8221; _builder_version=&#8221;4.11.4&#8243; background_size=&#8221;initial&#8221; background_position=&#8221;top_left&#8221; background_repeat=&#8221;repeat&#8221; width=&#8221;100%&#8221; custom_margin=&#8221;0px||||false|false&#8221; custom_padding=&#8221;0px|||||&#8221; global_colors_info=&#8221;{}&#8221; theme_builder_area=&#8221;post_content&#8221;][et_pb_column type=&#8221;4_4&#8243; _builder_version=&#8221;3.25&#8243; custom_padding=&#8221;|||&#8221; global_colors_info=&#8221;{}&#8221; custom_padding__hover=&#8221;|||&#8221; theme_builder_area=&#8221;post_content&#8221;][et_pb_text admin_label=&#8221;Text&#8221; _builder_version=&#8221;4.14.2&#8243; background_size=&#8221;initial&#8221; background_position=&#8221;top_left&#8221; background_repeat=&#8221;repeat&#8221; custom_margin=&#8221;0px||||false|false&#8221; custom_padding=&#8221;0px||||false|false&#8221; hover_enabled=&#8221;0&#8243; global_colors_info=&#8221;{}&#8221; theme_builder_area=&#8221;post_content&#8221; sticky_enabled=&#8221;0&#8243;]<\/p>\n<h3>Sant\u00e9 en fran\u00e7ais could help you recruit!<\/h3>\n<p>The Sant\u00e9 en fran\u00e7ais organization works in partnership with the Francophone community, as well as with health care and social service providers, education sector organizations, governments and community leaders to improve access to French language health care and social services. Sant\u00e9 en fran\u00e7ais is also a member of the Soci\u00e9t\u00e9 Sant\u00e9 en fran\u00e7ais, a national organization that is in direct contact with 16 territorial, provincial and regional French language health networks in Canada.<\/p>\n<p>To help you, Sant\u00e9 en fran\u00e7ais could:<\/p>\n<ul>\n<li>Be a good source of information<\/li>\n<li>Introduce you to valuable contacts<\/li>\n<li>Invite you to virtual job fairs, for example with nursing faculties<\/li>\n<li>Advertise a specific job posting within its network<\/li>\n<li>Direct you to good job posting sites<\/li>\n<\/ul>\n<p>[\/et_pb_text][et_pb_blurb use_icon=&#8221;on&#8221; font_icon=&#8221;&#xe03e;||divi||400&#8243; icon_color=&#8221;#004175&#8243; icon_placement=&#8221;left&#8221; image_icon_width=&#8221;32px&#8221; content_max_width=&#8221;1080px&#8221; _builder_version=&#8221;4.14.2&#8243; _module_preset=&#8221;default&#8221; body_font_size=&#8221;18px&#8221; custom_margin=&#8221;|||0px|false|false&#8221; custom_margin_tablet=&#8221;|||0px|false|false&#8221; custom_margin_phone=&#8221;|||0px|false|false&#8221; custom_margin_last_edited=&#8221;off|desktop&#8221; hover_enabled=&#8221;0&#8243; icon_font_size=&#8221;32px&#8221; locked=&#8221;off&#8221; global_colors_info=&#8221;{}&#8221; theme_builder_area=&#8221;post_content&#8221; sticky_enabled=&#8221;0&#8243;]<\/p>\n<h4><a style=\"font-size: 18px;\" href=\"https:\/\/santeenfrancais.com\/en\/contact-us\/\" target=\"_blank\" rel=\"noopener\">Contact Sant\u00e9 en fran\u00e7ais<\/a><\/h4>\n<p>[\/et_pb_blurb][\/et_pb_column][\/et_pb_row][\/et_pb_section]<\/p>\n","protected":false},"excerpt":{"rendered":"<p>Sant\u00e9 en fran\u00e7ais could help you recruit! The Sant\u00e9 en fran\u00e7ais organization works in partnership with the Francophone community, as well as with health care and social service providers, education sector organizations, governments and community leaders to improve access to French language health care and social services. Sant\u00e9 en fran\u00e7ais is also a member of [&hellip;]<\/p>\n","protected":false},"author":47,"featured_media":0,"parent":0,"menu_order":0,"comment_status":"closed","ping_status":"closed","template":"","meta":{"_et_pb_use_builder":"on","_et_pb_old_content":"<!-- wp:paragraph -->\n<p>Translation to come...<\/p>\n<!-- \/wp:paragraph -->","_et_gb_content_width":"","_monsterinsights_skip_tracking":false,"_monsterinsights_sitenote_active":false,"_monsterinsights_sitenote_note":"","_monsterinsights_sitenote_category":0,"footnotes":""},"class_list":["post-225133","page","type-page","status-publish","hentry"],"_links":{"self":[{"href":"https:\/\/emploissantejobs.ca\/en\/wp-json\/wp\/v2\/pages\/225133","targetHints":{"allow":["GET"]}}],"collection":[{"href":"https:\/\/emploissantejobs.ca\/en\/wp-json\/wp\/v2\/pages"}],"about":[{"href":"https:\/\/emploissantejobs.ca\/en\/wp-json\/wp\/v2\/types\/page"}],"author":[{"embeddable":true,"href":"https:\/\/emploissantejobs.ca\/en\/wp-json\/wp\/v2\/users\/47"}],"replies":[{"embeddable":true,"href":"https:\/\/emploissantejobs.ca\/en\/wp-json\/wp\/v2\/comments?post=225133"}],"version-history":[{"count":15,"href":"https:\/\/emploissantejobs.ca\/en\/wp-json\/wp\/v2\/pages\/225133\/revisions"}],"predecessor-version":[{"id":226324,"href":"https:\/\/emploissantejobs.ca\/en\/wp-json\/wp\/v2\/pages\/225133\/revisions\/226324"}],"wp:attachment":[{"href":"https:\/\/emploissantejobs.ca\/en\/wp-json\/wp\/v2\/media?parent=225133"}],"curies":[{"name":"wp","href":"https:\/\/api.w.org\/{rel}","templated":true}]}}