{"id":223948,"date":"2020-08-21T10:36:40","date_gmt":"2020-08-21T15:36:40","guid":{"rendered":"https:\/\/dev.deschenesregnier.com\/ccs\/contact\/"},"modified":"2021-12-20T09:42:35","modified_gmt":"2021-12-20T15:42:35","slug":"contact-us","status":"publish","type":"page","link":"https:\/\/emploissantejobs.ca\/en\/contact-us\/","title":{"rendered":"Contact Us"},"content":{"rendered":"<p>[et_pb_section fb_built=&#8221;1&#8243; _builder_version=&#8221;4.11.4&#8243; background_color=&#8221;RGBA(0,0,0,0)&#8221; background_enable_image=&#8221;off&#8221; background_size=&#8221;initial&#8221; background_position=&#8221;top_center&#8221; custom_margin=&#8221;0px||||false|false&#8221; custom_padding=&#8221;0px||0px||false|false&#8221; global_colors_info=&#8221;{}&#8221; theme_builder_area=&#8221;post_content&#8221;][et_pb_row _builder_version=&#8221;4.11.4&#8243; background_color=&#8221;RGBA(0,0,0,0)&#8221; background_size=&#8221;initial&#8221; background_position=&#8221;top_left&#8221; background_repeat=&#8221;repeat&#8221; width=&#8221;100%&#8221; custom_margin=&#8221;0px||||false|false&#8221; custom_padding=&#8221;0px||||false|false&#8221; global_colors_info=&#8221;{}&#8221; theme_builder_area=&#8221;post_content&#8221;][et_pb_column type=&#8221;4_4&#8243; _builder_version=&#8221;3.25&#8243; custom_padding=&#8221;|||&#8221; global_colors_info=&#8221;{}&#8221; custom_padding__hover=&#8221;|||&#8221; theme_builder_area=&#8221;post_content&#8221;][et_pb_text _builder_version=&#8221;4.14.2&#8243; background_size=&#8221;initial&#8221; background_position=&#8221;top_left&#8221; background_repeat=&#8221;repeat&#8221; hover_enabled=&#8221;0&#8243; locked=&#8221;off&#8221; global_colors_info=&#8221;{}&#8221; theme_builder_area=&#8221;post_content&#8221; sticky_enabled=&#8221;0&#8243;]<\/p>\n<p>It is with pleasure and resolve that Sant\u00e9 en fran\u00e7ais helps employers and future employees provide bilingual health care services in Manitoba.<\/p>\n<p>If you have any questions, fill out our form. We will get back to you as soon as possible!<\/p>\n<p>[\/et_pb_text][et_pb_contact_form use_spam_service=&#8221;on&#8221; recaptcha_list=&#8221;Sant\u00e9 en fran\u00e7ais|Sant\u00e9 en fran\u00e7ais-0&#8243; email=&#8221;santeenfrancais@santeenfrancais.com&#8221; custom_message=&#8221;Nom: %%nom%%||et_pb_line_break_holder||||et_pb_line_break_holder||Adresse courriel: %%courriel%%||et_pb_line_break_holder||||et_pb_line_break_holder||Message: %%Message%%&#8221; submit_button_text=&#8221;Submit&#8221; _builder_version=&#8221;4.13.1&#8243; _unique_id=&#8221;11711047-c30f-4282-973d-dc009e30a1a3&#8243; form_field_background_color=&#8221;#e6eff6&#8243; form_field_text_color=&#8221;#004175&#8243; form_field_text_align=&#8221;left&#8221; border_radii=&#8221;on|10px|10px|10px|10px&#8221; global_colors_info=&#8221;{}&#8221; theme_builder_area=&#8221;post_content&#8221;][et_pb_contact_field field_id=&#8221;nom&#8221; field_title=&#8221;Name&#8221; _builder_version=&#8221;4.9.0&#8243; global_colors_info=&#8221;{}&#8221; button_text_size__hover_enabled=&#8221;off&#8221; button_one_text_size__hover_enabled=&#8221;off&#8221; button_two_text_size__hover_enabled=&#8221;off&#8221; button_text_color__hover_enabled=&#8221;off&#8221; button_one_text_color__hover_enabled=&#8221;off&#8221; button_two_text_color__hover_enabled=&#8221;off&#8221; button_border_width__hover_enabled=&#8221;off&#8221; button_one_border_width__hover_enabled=&#8221;off&#8221; button_two_border_width__hover_enabled=&#8221;off&#8221; button_border_color__hover_enabled=&#8221;off&#8221; button_one_border_color__hover_enabled=&#8221;off&#8221; button_two_border_color__hover_enabled=&#8221;off&#8221; button_border_radius__hover_enabled=&#8221;off&#8221; button_one_border_radius__hover_enabled=&#8221;off&#8221; button_two_border_radius__hover_enabled=&#8221;off&#8221; button_letter_spacing__hover_enabled=&#8221;off&#8221; button_one_letter_spacing__hover_enabled=&#8221;off&#8221; button_two_letter_spacing__hover_enabled=&#8221;off&#8221; button_bg_color__hover_enabled=&#8221;off&#8221; button_one_bg_color__hover_enabled=&#8221;off&#8221; button_two_bg_color__hover_enabled=&#8221;off&#8221; theme_builder_area=&#8221;post_content&#8221;][\/et_pb_contact_field][et_pb_contact_field field_id=&#8221;courriel&#8221; field_title=&#8221;Email&#8221; field_type=&#8221;email&#8221; _builder_version=&#8221;4.9.0&#8243; global_colors_info=&#8221;{}&#8221; button_text_size__hover_enabled=&#8221;off&#8221; button_one_text_size__hover_enabled=&#8221;off&#8221; button_two_text_size__hover_enabled=&#8221;off&#8221; button_text_color__hover_enabled=&#8221;off&#8221; button_one_text_color__hover_enabled=&#8221;off&#8221; button_two_text_color__hover_enabled=&#8221;off&#8221; button_border_width__hover_enabled=&#8221;off&#8221; button_one_border_width__hover_enabled=&#8221;off&#8221; button_two_border_width__hover_enabled=&#8221;off&#8221; button_border_color__hover_enabled=&#8221;off&#8221; button_one_border_color__hover_enabled=&#8221;off&#8221; button_two_border_color__hover_enabled=&#8221;off&#8221; button_border_radius__hover_enabled=&#8221;off&#8221; button_one_border_radius__hover_enabled=&#8221;off&#8221; button_two_border_radius__hover_enabled=&#8221;off&#8221; button_letter_spacing__hover_enabled=&#8221;off&#8221; button_one_letter_spacing__hover_enabled=&#8221;off&#8221; button_two_letter_spacing__hover_enabled=&#8221;off&#8221; button_bg_color__hover_enabled=&#8221;off&#8221; button_one_bg_color__hover_enabled=&#8221;off&#8221; button_two_bg_color__hover_enabled=&#8221;off&#8221; theme_builder_area=&#8221;post_content&#8221;][\/et_pb_contact_field][et_pb_contact_field field_id=&#8221;Message&#8221; field_title=&#8221;Message&#8221; field_type=&#8221;text&#8221; fullwidth_field=&#8221;on&#8221; _builder_version=&#8221;3.16&#8243; global_colors_info=&#8221;{}&#8221; button_text_size__hover_enabled=&#8221;off&#8221; button_one_text_size__hover_enabled=&#8221;off&#8221; button_two_text_size__hover_enabled=&#8221;off&#8221; button_text_color__hover_enabled=&#8221;off&#8221; button_one_text_color__hover_enabled=&#8221;off&#8221; button_two_text_color__hover_enabled=&#8221;off&#8221; button_border_width__hover_enabled=&#8221;off&#8221; button_one_border_width__hover_enabled=&#8221;off&#8221; button_two_border_width__hover_enabled=&#8221;off&#8221; button_border_color__hover_enabled=&#8221;off&#8221; button_one_border_color__hover_enabled=&#8221;off&#8221; button_two_border_color__hover_enabled=&#8221;off&#8221; button_border_radius__hover_enabled=&#8221;off&#8221; button_one_border_radius__hover_enabled=&#8221;off&#8221; button_two_border_radius__hover_enabled=&#8221;off&#8221; button_letter_spacing__hover_enabled=&#8221;off&#8221; button_one_letter_spacing__hover_enabled=&#8221;off&#8221; button_two_letter_spacing__hover_enabled=&#8221;off&#8221; button_bg_color__hover_enabled=&#8221;off&#8221; button_one_bg_color__hover_enabled=&#8221;off&#8221; button_two_bg_color__hover_enabled=&#8221;off&#8221; theme_builder_area=&#8221;post_content&#8221;][\/et_pb_contact_field][\/et_pb_contact_form][et_pb_text disabled_on=&#8221;on|on|on&#8221; _builder_version=&#8221;4.10.7&#8243; background_size=&#8221;initial&#8221; background_position=&#8221;top_left&#8221; background_repeat=&#8221;repeat&#8221; disabled=&#8221;on&#8221; locked=&#8221;off&#8221; global_colors_info=&#8221;{}&#8221; theme_builder_area=&#8221;post_content&#8221;]<\/p>\n<p class=\"p1\"><span>This site is protected by reCAPTCHA and the Google\u00a0<\/span><a href=\"https:\/\/policies.google.com\/privacy\">Privacy Policy<\/a><span>\u00a0and\u00a0<\/span><a href=\"https:\/\/policies.google.com\/terms\">Terms of Service<\/a><span>\u00a0apply.<\/span><\/p>\n<p>[\/et_pb_text][\/et_pb_column][\/et_pb_row][\/et_pb_section][et_pb_section fb_built=&#8221;1&#8243; fullwidth=&#8221;on&#8221; disabled_on=&#8221;on|on|on&#8221; _builder_version=&#8221;4.10.7&#8243; _module_preset=&#8221;default&#8221; disabled=&#8221;on&#8221; global_colors_info=&#8221;{}&#8221; theme_builder_area=&#8221;post_content&#8221;][et_pb_fullwidth_map address=&#8221;400 Tache Ave, Winnipeg, MB R2H 2A6, Canada&#8221; address_lat=&#8221;49.8847121&#8243; address_lng=&#8221;-97.1233133&#8243; _builder_version=&#8221;4.7.4&#8243; _module_preset=&#8221;default&#8221; global_colors_info=&#8221;{}&#8221; theme_builder_area=&#8221;post_content&#8221;][et_pb_map_pin title=&#8221;Sant\u00e9 en fran\u00e7ais&#8221; pin_address=&#8221;400 Tache Ave, Winnipeg, MB R2H 2A6, Canada&#8221; pin_address_lat=&#8221;49.8847121&#8243; pin_address_lng=&#8221;-97.1233133&#8243; _builder_version=&#8221;4.7.4&#8243; _module_preset=&#8221;default&#8221; global_colors_info=&#8221;{}&#8221; theme_builder_area=&#8221;post_content&#8221;][\/et_pb_map_pin][\/et_pb_fullwidth_map][\/et_pb_section]<\/p>\n","protected":false},"excerpt":{"rendered":"<p>It is with pleasure and resolve that Sant\u00e9 en fran\u00e7ais helps employers and future employees provide bilingual health care services in Manitoba. If you have any questions, fill out our form. We will get back to you as soon as possible!This site is protected by reCAPTCHA and the Google\u00a0Privacy Policy\u00a0and\u00a0Terms of Service\u00a0apply.<\/p>\n","protected":false},"author":47,"featured_media":0,"parent":0,"menu_order":0,"comment_status":"closed","ping_status":"closed","template":"","meta":{"_et_pb_use_builder":"on","_et_pb_old_content":"","_et_gb_content_width":"","_monsterinsights_skip_tracking":false,"_monsterinsights_sitenote_active":false,"_monsterinsights_sitenote_note":"","_monsterinsights_sitenote_category":0,"footnotes":""},"class_list":["post-223948","page","type-page","status-publish","hentry"],"_links":{"self":[{"href":"https:\/\/emploissantejobs.ca\/en\/wp-json\/wp\/v2\/pages\/223948","targetHints":{"allow":["GET"]}}],"collection":[{"href":"https:\/\/emploissantejobs.ca\/en\/wp-json\/wp\/v2\/pages"}],"about":[{"href":"https:\/\/emploissantejobs.ca\/en\/wp-json\/wp\/v2\/types\/page"}],"author":[{"embeddable":true,"href":"https:\/\/emploissantejobs.ca\/en\/wp-json\/wp\/v2\/users\/47"}],"replies":[{"embeddable":true,"href":"https:\/\/emploissantejobs.ca\/en\/wp-json\/wp\/v2\/comments?post=223948"}],"version-history":[{"count":13,"href":"https:\/\/emploissantejobs.ca\/en\/wp-json\/wp\/v2\/pages\/223948\/revisions"}],"predecessor-version":[{"id":226303,"href":"https:\/\/emploissantejobs.ca\/en\/wp-json\/wp\/v2\/pages\/223948\/revisions\/226303"}],"wp:attachment":[{"href":"https:\/\/emploissantejobs.ca\/en\/wp-json\/wp\/v2\/media?parent=223948"}],"curies":[{"name":"wp","href":"https:\/\/api.w.org\/{rel}","templated":true}]}}